{"id":323,"date":"2025-01-02T16:26:43","date_gmt":"2025-01-02T13:26:43","guid":{"rendered":"https:\/\/sarens-makzume.com\/?page_id=323"},"modified":"2025-03-06T23:51:53","modified_gmt":"2025-03-06T20:51:53","slug":"aydinlatma-metinleri","status":"publish","type":"page","link":"https:\/\/sarens-makzume.com\/?page_id=323","title":{"rendered":"Ayd\u0131nlatma Metinleri"},"content":{"rendered":"\n<ul class=\"wp-block-list\">\n<li><strong><a href=\"https:\/\/sarens-makzume.com\/wp-content\/uploads\/2025\/01\/Makzume_KVK_Sarens_Aydinlatma_Ortak-Ted_20241512_V5.pdf\" target=\"_blank\" rel=\"noreferrer noopener\">\u0130\u015f Orta\u011f\u0131 Ayd\u0131nlatma Metni<\/a><\/strong><\/li>\n\n\n\n<li><strong><a href=\"https:\/\/sarens-makzume.com\/wp-content\/uploads\/2025\/01\/Makzume_KVK_Sarens_Aydinlatma_Musteri_20241512_V5.pdf\" target=\"_blank\" rel=\"noreferrer noopener\">Aday M\u00fc\u015fteri\/M\u00fc\u015fteri Yetkilisi Ayd\u0131nlatma Metni<\/a><\/strong><\/li>\n<\/ul>\n\n\n\n<p><\/p>\n","protected":false},"excerpt":{"rendered":"","protected":false},"author":1,"featured_media":0,"parent":0,"menu_order":0,"comment_status":"closed","ping_status":"closed","template":"templates\/full-width-page.php","meta":{"footnotes":""},"class_list":["post-323","page","type-page","status-publish","hentry"],"_links":{"self":[{"href":"https:\/\/sarens-makzume.com\/index.php?rest_route=\/wp\/v2\/pages\/323","targetHints":{"allow":["GET"]}}],"collection":[{"href":"https:\/\/sarens-makzume.com\/index.php?rest_route=\/wp\/v2\/pages"}],"about":[{"href":"https:\/\/sarens-makzume.com\/index.php?rest_route=\/wp\/v2\/types\/page"}],"author":[{"embeddable":true,"href":"https:\/\/sarens-makzume.com\/index.php?rest_route=\/wp\/v2\/users\/1"}],"replies":[{"embeddable":true,"href":"https:\/\/sarens-makzume.com\/index.php?rest_route=%2Fwp%2Fv2%2Fcomments&post=323"}],"version-history":[{"count":4,"href":"https:\/\/sarens-makzume.com\/index.php?rest_route=\/wp\/v2\/pages\/323\/revisions"}],"predecessor-version":[{"id":331,"href":"https:\/\/sarens-makzume.com\/index.php?rest_route=\/wp\/v2\/pages\/323\/revisions\/331"}],"wp:attachment":[{"href":"https:\/\/sarens-makzume.com\/index.php?rest_route=%2Fwp%2Fv2%2Fmedia&parent=323"}],"curies":[{"name":"wp","href":"https:\/\/api.w.org\/{rel}","templated":true}]}}